{"id":91,"date":"2023-11-12T17:09:28","date_gmt":"2023-11-12T17:09:28","guid":{"rendered":"http:\/\/www.efemfidancilik.com\/?page_id=91"},"modified":"2023-11-14T19:18:41","modified_gmt":"2023-11-14T19:18:41","slug":"erik-fidanlari","status":"publish","type":"page","link":"http:\/\/www.efemfidancilik.com\/index.php\/erik-fidanlari\/","title":{"rendered":"Erik Fidanlar\u0131"},"content":{"rendered":"<table>\n<tbody>\n<tr>\n<td width=\"302\"><strong>FORTUNE<\/strong><\/p>\n<p><strong>\u00a0<\/strong><\/p>\n<p><strong>Hasat zaman\u0131:<\/strong> Haziran 4. Haftas\u0131<\/p>\n<p><strong>Tozlayac\u0131lar :<\/strong><\/p>\n<p>Pollinators, Santa Rosa, Friar<\/p>\n<p><strong>\u00d6zellikleri:<\/strong><\/p>\n<p>A\u011fac\u0131 orta kuvvetli ve orta derecede bodur kalma e\u011filimlidir, Gen\u00e7 ya\u015fta verime ba\u015flar, verim S\u00fcreklidir, kendine verimsiz oldu\u011fundan dolay\u0131 tozlay\u0131c\u0131 gerektirir. Meyvesi iri ve \u00e7ok iridir; \u00e7i\u00e7ek u\u00e7 k\u0131sm\u0131 bir miktar sivrile\u015fir. Meyve kabu\u011fu sar\u0131 lekeli parlak pembe-k\u0131rm\u0131z\u0131 renkli ve dumanl\u0131d\u0131r; sar\u0131 meyve eti kabu\u011fun alt\u0131nda k\u0131rm\u0131z\u0131 damarl\u0131, aromas\u0131 normaldir.\u00a0 \u00c7ekirdek etten ayr\u0131l\u0131r.<\/td>\n<td width=\"302\"><img loading=\"lazy\" decoding=\"async\" class=\"alignnone size-medium wp-image-128\" src=\"http:\/\/www.efemfidancilik.com\/wp-content\/uploads\/2023\/11\/fortune-300x297.jpg\" alt=\"\" width=\"300\" height=\"297\" srcset=\"http:\/\/www.efemfidancilik.com\/wp-content\/uploads\/2023\/11\/fortune-300x297.jpg 300w, http:\/\/www.efemfidancilik.com\/wp-content\/uploads\/2023\/11\/fortune-150x150.jpg 150w, http:\/\/www.efemfidancilik.com\/wp-content\/uploads\/2023\/11\/fortune-1x1.jpg 1w, http:\/\/www.efemfidancilik.com\/wp-content\/uploads\/2023\/11\/fortune.jpg 516w\" sizes=\"(max-width: 300px) 100vw, 300px\" \/><\/td>\n<\/tr>\n<\/tbody>\n<\/table>\n<table>\n<tbody>\n<tr>\n<td width=\"302\"><strong>PAPAZ<\/strong><\/p>\n<p>&nbsp;<\/td>\n<td width=\"302\"><\/td>\n<\/tr>\n<tr>\n<td width=\"302\"><strong>BALCK SPLENDOR<\/strong><\/p>\n<p>&nbsp;<\/td>\n<td width=\"302\"><\/td>\n<\/tr>\n<\/tbody>\n<\/table>\n<table>\n<tbody>\n<tr>\n<td width=\"302\"><strong>SHOW T\u0130ME<\/strong><\/p>\n<p>&nbsp;<\/td>\n<td width=\"302\"><\/td>\n<\/tr>\n<tr>\n<td width=\"302\"><strong>LARRY ANN<\/strong><\/p>\n<p>&nbsp;<\/td>\n<td width=\"302\"><\/td>\n<\/tr>\n<\/tbody>\n<\/table>\n<table>\n<tbody>\n<tr>\n<td width=\"302\"><strong>ANGELENO<\/strong><\/p>\n<p>&nbsp;<\/td>\n<td width=\"302\"><\/td>\n<\/tr>\n<tr>\n<td width=\"302\"><strong>AUTUMUN G\u0130ANT<\/strong><\/p>\n<p>&nbsp;<\/td>\n<td width=\"302\"><\/td>\n<\/tr>\n<\/tbody>\n<\/table>\n","protected":false},"excerpt":{"rendered":"<p>FORTUNE \u00a0 Hasat zaman\u0131: Haziran 4. Haftas\u0131 Tozlayac\u0131lar : Pollinators, Santa Rosa, Friar \u00d6zellikleri: A\u011fac\u0131 orta kuvvetli ve orta derecede bodur kalma e\u011filimlidir, Gen\u00e7 ya\u015fta verime ba\u015flar, verim S\u00fcreklidir, kendine verimsiz oldu\u011fundan dolay\u0131 tozlay\u0131c\u0131 gerektirir. Meyvesi iri ve \u00e7ok iridir; \u00e7i\u00e7ek u\u00e7 k\u0131sm\u0131 bir miktar sivrile\u015fir. Meyve kabu\u011fu sar\u0131 lekeli parlak pembe-k\u0131rm\u0131z\u0131 renkli ve dumanl\u0131d\u0131r; [&hellip;]<\/p>\n","protected":false},"author":1,"featured_media":0,"parent":0,"menu_order":0,"comment_status":"closed","ping_status":"closed","template":"","meta":{"footnotes":""},"_links":{"self":[{"href":"http:\/\/www.efemfidancilik.com\/index.php\/wp-json\/wp\/v2\/pages\/91"}],"collection":[{"href":"http:\/\/www.efemfidancilik.com\/index.php\/wp-json\/wp\/v2\/pages"}],"about":[{"href":"http:\/\/www.efemfidancilik.com\/index.php\/wp-json\/wp\/v2\/types\/page"}],"author":[{"embeddable":true,"href":"http:\/\/www.efemfidancilik.com\/index.php\/wp-json\/wp\/v2\/users\/1"}],"replies":[{"embeddable":true,"href":"http:\/\/www.efemfidancilik.com\/index.php\/wp-json\/wp\/v2\/comments?post=91"}],"version-history":[{"count":6,"href":"http:\/\/www.efemfidancilik.com\/index.php\/wp-json\/wp\/v2\/pages\/91\/revisions"}],"predecessor-version":[{"id":225,"href":"http:\/\/www.efemfidancilik.com\/index.php\/wp-json\/wp\/v2\/pages\/91\/revisions\/225"}],"wp:attachment":[{"href":"http:\/\/www.efemfidancilik.com\/index.php\/wp-json\/wp\/v2\/media?parent=91"}],"curies":[{"name":"wp","href":"https:\/\/api.w.org\/{rel}","templated":true}]}}