{"id":81,"date":"2023-11-12T16:49:28","date_gmt":"2023-11-12T16:49:28","guid":{"rendered":"http:\/\/www.efemfidancilik.com\/?page_id=81"},"modified":"2023-11-14T18:47:27","modified_gmt":"2023-11-14T18:47:27","slug":"armut-fidanlari","status":"publish","type":"page","link":"http:\/\/www.efemfidancilik.com\/index.php\/armut-fidanlari\/","title":{"rendered":"Armut Fidanlar\u0131"},"content":{"rendered":"<table>\n<tbody>\n<tr>\n<td width=\"302\"><strong>ETRU\u015eKA<\/strong><\/p>\n<p><strong>\u00a0<\/strong><\/p>\n<p><strong>Hasat zaman\u0131:<\/strong> Temmuz 1.hafta<\/p>\n<p><strong>Tozlayac\u0131lar\u0131:<\/strong><em>\u00a0 <\/em><\/p>\n<p>Pollinatares, Kendine verimlidir. Haziran g\u00fcl\u00fc ak\u00e7a armut, Santa Maria, Williams<\/p>\n<p><strong>\u00d6zellikleri:<\/strong><\/p>\n<p>Etru\u015fka armut yar\u0131 dik ve kuvvetli bir geli\u015fim g\u00f6sterir. Geni\u015f bir ta\u00e7 olu\u015fturur. Etru\u015fka erkenci verimi y\u00fcksek olan bir \u00e7e\u015fittir. Meyve verimi d\u00fczenlidir.\u00a0 Meyve kabu\u011fu ye\u015fil zemin \u00fczerine k\u0131rm\u0131z\u0131 yanak yapm\u0131\u015ft\u0131r, meyve eti ise olduk\u00e7a kokulu ve aromas\u0131 \u00e7ok g\u00fczeldir. . Hobi ama\u00e7l\u0131 dikimi yap\u0131labilir.<\/p>\n<p>.<\/p>\n<p>&nbsp;<\/td>\n<td width=\"302\"><img loading=\"lazy\" decoding=\"async\" class=\"size-medium wp-image-116 aligncenter\" src=\"http:\/\/www.efemfidancilik.com\/wp-content\/uploads\/2023\/11\/etruska-224x300.jpg\" alt=\"\" width=\"224\" height=\"300\" srcset=\"http:\/\/www.efemfidancilik.com\/wp-content\/uploads\/2023\/11\/etruska-224x300.jpg 224w, http:\/\/www.efemfidancilik.com\/wp-content\/uploads\/2023\/11\/etruska-1x1.jpg 1w, http:\/\/www.efemfidancilik.com\/wp-content\/uploads\/2023\/11\/etruska.jpg 382w\" sizes=\"(max-width: 224px) 100vw, 224px\" \/><\/td>\n<\/tr>\n<tr>\n<td width=\"302\"><strong>CARMEN<\/strong><\/p>\n<p><strong>\u00a0<\/strong><\/p>\n<p><strong>Hasat zaman\u0131:<\/strong> Temmuz 1.ve2. Haftas\u0131<\/p>\n<p><strong>Tozlay\u0131c\u0131lar\u0131:<\/strong>\u00a0 Pollinators, Williams ve Tosca<\/p>\n<p><strong>\u00d6zellikleri:\u00a0 <\/strong><\/p>\n<p>Meyve kabu\u011fu sar\u0131-ye\u015fil renkte ve k\u0131rm\u0131z\u0131 yanakl\u0131d\u0131r. Meyve tad\u0131 m\u00fckemmel, sulu ve aromatiktir. Meyve olduk\u00e7a iri ve g\u00f6steri\u015flidir. Meyve eti beyazd\u0131r.<\/p>\n<p>&nbsp;<\/td>\n<td width=\"302\"><img loading=\"lazy\" decoding=\"async\" class=\"alignnone size-medium wp-image-117\" src=\"http:\/\/www.efemfidancilik.com\/wp-content\/uploads\/2023\/11\/carmen-300x192.jpg\" alt=\"\" width=\"300\" height=\"192\" srcset=\"http:\/\/www.efemfidancilik.com\/wp-content\/uploads\/2023\/11\/carmen-300x192.jpg 300w, http:\/\/www.efemfidancilik.com\/wp-content\/uploads\/2023\/11\/carmen-1x1.jpg 1w, http:\/\/www.efemfidancilik.com\/wp-content\/uploads\/2023\/11\/carmen.jpg 648w\" sizes=\"(max-width: 300px) 100vw, 300px\" \/><\/td>\n<\/tr>\n<\/tbody>\n<\/table>\n<table>\n<tbody>\n<tr>\n<td width=\"302\"><strong>SANTA MAR\u0130A<\/strong><\/p>\n<p>&nbsp;<\/td>\n<td width=\"302\"><\/td>\n<\/tr>\n<tr>\n<td width=\"302\"><strong>DEVEC\u0130<\/strong><\/p>\n<p>&nbsp;<\/td>\n<td width=\"302\"><\/td>\n<\/tr>\n<\/tbody>\n<\/table>\n<table>\n<tbody>\n<tr>\n<td width=\"302\"><strong>KOSU\u0130 (NA\u015e\u0130)<\/strong><\/p>\n<p>&nbsp;<\/td>\n<td width=\"302\"><\/td>\n<\/tr>\n<tr>\n<td width=\"302\"><strong>MARGAR\u0130TA<\/strong><\/p>\n<p>&nbsp;<\/td>\n<td width=\"302\"><\/td>\n<\/tr>\n<\/tbody>\n<\/table>\n<table>\n<tbody>\n<tr>\n<td width=\"302\"><strong>HAZ\u0130RAN G\u00dcL\u00dc <\/strong><\/p>\n<p>&nbsp;<\/td>\n<td width=\"302\"><\/td>\n<\/tr>\n<\/tbody>\n<\/table>\n<table>\n<tbody>\n<tr>\n<td width=\"302\"><strong>AK\u00c7A<\/strong><\/p>\n<p>&nbsp;<\/td>\n<td width=\"302\"><\/td>\n<\/tr>\n<tr>\n<td width=\"302\"><strong>ANKARA<\/strong><\/p>\n<p>&nbsp;<\/td>\n<td width=\"302\"><\/td>\n<\/tr>\n<\/tbody>\n<\/table>\n<div id=\"gtx-trans\" style=\"position: absolute; left: 7px; top: 1653px;\">\n<div class=\"gtx-trans-icon\"><\/div>\n<\/div>\n","protected":false},"excerpt":{"rendered":"<p>ETRU\u015eKA \u00a0 Hasat zaman\u0131: Temmuz 1.hafta Tozlayac\u0131lar\u0131:\u00a0 Pollinatares, Kendine verimlidir. Haziran g\u00fcl\u00fc ak\u00e7a armut, Santa Maria, Williams \u00d6zellikleri: Etru\u015fka armut yar\u0131 dik ve kuvvetli bir geli\u015fim g\u00f6sterir. Geni\u015f bir ta\u00e7 olu\u015fturur. Etru\u015fka erkenci verimi y\u00fcksek olan bir \u00e7e\u015fittir. Meyve verimi d\u00fczenlidir.\u00a0 Meyve kabu\u011fu ye\u015fil zemin \u00fczerine k\u0131rm\u0131z\u0131 yanak yapm\u0131\u015ft\u0131r, meyve eti ise olduk\u00e7a kokulu ve [&hellip;]<\/p>\n","protected":false},"author":1,"featured_media":0,"parent":0,"menu_order":0,"comment_status":"closed","ping_status":"closed","template":"","meta":{"footnotes":""},"_links":{"self":[{"href":"http:\/\/www.efemfidancilik.com\/index.php\/wp-json\/wp\/v2\/pages\/81"}],"collection":[{"href":"http:\/\/www.efemfidancilik.com\/index.php\/wp-json\/wp\/v2\/pages"}],"about":[{"href":"http:\/\/www.efemfidancilik.com\/index.php\/wp-json\/wp\/v2\/types\/page"}],"author":[{"embeddable":true,"href":"http:\/\/www.efemfidancilik.com\/index.php\/wp-json\/wp\/v2\/users\/1"}],"replies":[{"embeddable":true,"href":"http:\/\/www.efemfidancilik.com\/index.php\/wp-json\/wp\/v2\/comments?post=81"}],"version-history":[{"count":6,"href":"http:\/\/www.efemfidancilik.com\/index.php\/wp-json\/wp\/v2\/pages\/81\/revisions"}],"predecessor-version":[{"id":200,"href":"http:\/\/www.efemfidancilik.com\/index.php\/wp-json\/wp\/v2\/pages\/81\/revisions\/200"}],"wp:attachment":[{"href":"http:\/\/www.efemfidancilik.com\/index.php\/wp-json\/wp\/v2\/media?parent=81"}],"curies":[{"name":"wp","href":"https:\/\/api.w.org\/{rel}","templated":true}]}}