{"id":79,"date":"2023-11-12T16:49:15","date_gmt":"2023-11-12T16:49:15","guid":{"rendered":"http:\/\/www.efemfidancilik.com\/?page_id=79"},"modified":"2023-11-14T19:17:00","modified_gmt":"2023-11-14T19:17:00","slug":"elma-fidanlari","status":"publish","type":"page","link":"http:\/\/www.efemfidancilik.com\/index.php\/elma-fidanlari\/","title":{"rendered":"Elma Fidanlar\u0131"},"content":{"rendered":"<table>\n<tbody>\n<tr>\n<td width=\"302\"><strong>GALAVAL<\/strong><\/p>\n<p><strong>\u00a0<\/strong><\/p>\n<p><strong>Hasat zaman\u0131:<\/strong> A\u011fustos 1.ve 2 . Hafta<\/p>\n<p><strong>Tozlay\u0131c\u0131lar:<\/strong><\/p>\n<p>Pollinators, Golden Delicious, Granny Smith, Fuji Kiku<\/p>\n<p><strong>\u00d6zellikler:<\/strong><\/p>\n<p>H\u0131zl\u0131 ve iyi geli\u015fir. Orta kuvvettedir. Orta d\u00f6nem \u00e7i\u00e7eklenme g\u00f6r\u00fcl\u00fcr (Golden Delicious gibi)<br \/>\nMeyve. Yo\u011fun k\u0131rm\u0131z\u0131 renk ve hafif \u015feritli g\u00f6r\u00fcn\u00fcm. Meyve eti gevrek, tatl\u0131 ve suludur. So\u011fuk depolamaya uygundur.<\/td>\n<td width=\"302\"><img loading=\"lazy\" decoding=\"async\" class=\"alignnone size-medium wp-image-125\" src=\"http:\/\/www.efemfidancilik.com\/wp-content\/uploads\/2023\/11\/GALAVAL-300x224.jpg\" alt=\"\" width=\"300\" height=\"224\" srcset=\"http:\/\/www.efemfidancilik.com\/wp-content\/uploads\/2023\/11\/GALAVAL-300x224.jpg 300w, http:\/\/www.efemfidancilik.com\/wp-content\/uploads\/2023\/11\/GALAVAL-1x1.jpg 1w, http:\/\/www.efemfidancilik.com\/wp-content\/uploads\/2023\/11\/GALAVAL.jpg 648w\" sizes=\"(max-width: 300px) 100vw, 300px\" \/><\/td>\n<\/tr>\n<tr>\n<td width=\"302\"><strong>AMASYA<\/strong><\/p>\n<p><strong>\u00a0<\/strong><\/p>\n<p><strong>Hasat zaman\u0131:<\/strong> Eyl\u00fcl 4. Hafta<\/p>\n<p><strong>Tozlay\u0131c\u0131lar\u0131:\u00a0 <\/strong><\/p>\n<p>Pollinators, Starking Delicious, Golden Delicious, Beacon ve Granny Smith<\/p>\n<p><strong>\u00d6zellikleri:<\/strong><\/p>\n<p>En bilinen yerli \u00e7e\u015fidimizdir. Bir sene \u00e7ok bir sene az verim verir.Mutlak periyodisite g\u00f6sterir. A\u011fa\u00e7lar\u0131 yar\u0131 kuvvetli ve yar\u0131 dik geli\u015fir. Meyve orta iriliktedir, meyve i\u00e7i beyaz, sulu ve serttir. Meyve kabu\u011fu sar\u0131 zemin \u00fczerine k\u0131rm\u0131z\u0131d\u0131r.<\/td>\n<td width=\"302\"><img loading=\"lazy\" decoding=\"async\" class=\"alignnone size-medium wp-image-126\" src=\"http:\/\/www.efemfidancilik.com\/wp-content\/uploads\/2023\/11\/amasya-300x226.jpg\" alt=\"\" width=\"300\" height=\"226\" srcset=\"http:\/\/www.efemfidancilik.com\/wp-content\/uploads\/2023\/11\/amasya-300x226.jpg 300w, http:\/\/www.efemfidancilik.com\/wp-content\/uploads\/2023\/11\/amasya-1x1.jpg 1w, http:\/\/www.efemfidancilik.com\/wp-content\/uploads\/2023\/11\/amasya.jpg 648w\" sizes=\"(max-width: 300px) 100vw, 300px\" \/><\/td>\n<\/tr>\n<\/tbody>\n<\/table>\n<table>\n<tbody>\n<tr>\n<td width=\"302\"><strong>GOLDEN RE\u0130NDERS<\/strong><\/p>\n<p>&nbsp;<\/td>\n<td width=\"302\"><\/td>\n<\/tr>\n<tr>\n<td width=\"302\"><strong>SCARLET SPUR<\/strong><\/p>\n<p>&nbsp;<\/td>\n<td width=\"302\"><\/td>\n<\/tr>\n<\/tbody>\n<\/table>\n<table>\n<tbody>\n<tr>\n<td width=\"302\"><strong>SUPER CH\u0130EF<\/strong><\/p>\n<p>&nbsp;<\/td>\n<td width=\"302\"><\/td>\n<\/tr>\n<tr>\n<td width=\"302\"><strong>FUJI ZHEN AZTEC<\/strong><\/p>\n<p>&nbsp;<\/td>\n<td width=\"302\"><\/td>\n<\/tr>\n<\/tbody>\n<\/table>\n<table>\n<tbody>\n<tr>\n<td width=\"302\"><strong>GRANNY SM\u0130HT<\/strong><\/p>\n<p>&nbsp;<\/td>\n<td width=\"302\"><\/td>\n<\/tr>\n<tr>\n<td width=\"302\"><strong>P\u0130NK LADY<\/strong><\/p>\n<p>&nbsp;<\/td>\n<td width=\"302\"><\/td>\n<\/tr>\n<\/tbody>\n<\/table>\n<div id=\"gtx-trans\" style=\"position: absolute; left: 7px; top: 882px;\">\n<div class=\"gtx-trans-icon\"><\/div>\n<\/div>\n","protected":false},"excerpt":{"rendered":"<p>GALAVAL \u00a0 Hasat zaman\u0131: A\u011fustos 1.ve 2 . Hafta Tozlay\u0131c\u0131lar: Pollinators, Golden Delicious, Granny Smith, Fuji Kiku \u00d6zellikler: H\u0131zl\u0131 ve iyi geli\u015fir. Orta kuvvettedir. Orta d\u00f6nem \u00e7i\u00e7eklenme g\u00f6r\u00fcl\u00fcr (Golden Delicious gibi) Meyve. Yo\u011fun k\u0131rm\u0131z\u0131 renk ve hafif \u015feritli g\u00f6r\u00fcn\u00fcm. Meyve eti gevrek, tatl\u0131 ve suludur. So\u011fuk depolamaya uygundur. AMASYA \u00a0 Hasat zaman\u0131: Eyl\u00fcl 4. Hafta [&hellip;]<\/p>\n","protected":false},"author":1,"featured_media":0,"parent":0,"menu_order":0,"comment_status":"closed","ping_status":"closed","template":"","meta":{"footnotes":""},"_links":{"self":[{"href":"http:\/\/www.efemfidancilik.com\/index.php\/wp-json\/wp\/v2\/pages\/79"}],"collection":[{"href":"http:\/\/www.efemfidancilik.com\/index.php\/wp-json\/wp\/v2\/pages"}],"about":[{"href":"http:\/\/www.efemfidancilik.com\/index.php\/wp-json\/wp\/v2\/types\/page"}],"author":[{"embeddable":true,"href":"http:\/\/www.efemfidancilik.com\/index.php\/wp-json\/wp\/v2\/users\/1"}],"replies":[{"embeddable":true,"href":"http:\/\/www.efemfidancilik.com\/index.php\/wp-json\/wp\/v2\/comments?post=79"}],"version-history":[{"count":6,"href":"http:\/\/www.efemfidancilik.com\/index.php\/wp-json\/wp\/v2\/pages\/79\/revisions"}],"predecessor-version":[{"id":223,"href":"http:\/\/www.efemfidancilik.com\/index.php\/wp-json\/wp\/v2\/pages\/79\/revisions\/223"}],"wp:attachment":[{"href":"http:\/\/www.efemfidancilik.com\/index.php\/wp-json\/wp\/v2\/media?parent=79"}],"curies":[{"name":"wp","href":"https:\/\/api.w.org\/{rel}","templated":true}]}}