{"id":75,"date":"2023-11-12T16:48:33","date_gmt":"2023-11-12T16:48:33","guid":{"rendered":"http:\/\/www.efemfidancilik.com\/?page_id=75"},"modified":"2023-11-13T05:10:40","modified_gmt":"2023-11-13T05:10:40","slug":"seftali-fidani","status":"publish","type":"page","link":"http:\/\/www.efemfidancilik.com\/index.php\/seftali-fidani\/","title":{"rendered":"\u015eeftali Fidanlar\u0131"},"content":{"rendered":"<table>\n<tbody>\n<tr>\n<td width=\"302\"><strong>O&#8217;Henry<\/strong><\/p>\n<p><strong>\u00a0<\/strong><\/p>\n<p><strong>Hasat zaman\u0131:<\/strong> Eyl\u00fcl 2. ve 3.Hafta<\/p>\n<p><strong>Tozlay\u0131c\u0131lar :<\/strong><\/p>\n<p>Kendi kendini tozlar.<\/p>\n<p><strong>\u00d6zellikleri:<\/strong><\/p>\n<p>Meyve yap\u0131s\u0131 olduk\u00e7a iri ve yuvarlakt\u0131r.<\/p>\n<p>Meyvenin \u00e7ekirdek etraf\u0131 k\u0131rm\u0131z etli k\u0131sm\u0131 sar\u0131 renklidir.<\/p>\n<p>Meyveleri \u00e7ok sert olup yola ve depolamaya uygundur.<\/p>\n<p>A\u011fa\u00e7lar\u0131 dayan\u0131kl\u0131 ve verimi y\u00fcksektir.<\/p>\n<p>.<\/p>\n<p>&nbsp;<\/td>\n<td width=\"302\"><img loading=\"lazy\" decoding=\"async\" class=\"alignnone size-medium wp-image-132\" src=\"http:\/\/www.efemfidancilik.com\/wp-content\/uploads\/2023\/11\/o-henry-300x223.jpg\" alt=\"\" width=\"300\" height=\"223\" srcset=\"http:\/\/www.efemfidancilik.com\/wp-content\/uploads\/2023\/11\/o-henry-300x223.jpg 300w, http:\/\/www.efemfidancilik.com\/wp-content\/uploads\/2023\/11\/o-henry-1x1.jpg 1w, http:\/\/www.efemfidancilik.com\/wp-content\/uploads\/2023\/11\/o-henry.jpg 641w\" sizes=\"(max-width: 300px) 100vw, 300px\" \/><\/td>\n<\/tr>\n<tr>\n<td width=\"302\"><strong>Crest Heaven<\/strong><\/p>\n<p><strong>\u00a0<\/strong><\/p>\n<p><strong>Hasat zaman\u0131:<\/strong> A\u011fustos 2. ve 3. Hafta<\/p>\n<p><strong>Tozlay\u0131c\u0131lar:<\/strong> Pollinators Kendine verimlidir.<\/p>\n<p><strong>\u00d6zellikleri:<\/strong><\/p>\n<p>Meyve geoit \u015fekildedir. Alttan ve \u00fcstten hafif bas\u0131k, meyvenin kabuk k\u0131sm\u0131 hafif t\u00fcyl\u00fcd\u00fcr.<\/p>\n<p>Kabuk rengi sar\u0131 zemin \u00fczerine koyu k\u0131rm\u0131z\u0131d\u0131r.<\/p>\n<p>A\u011fa\u00e7 yar\u0131 dik ve kuvvetli geli\u015fir.<\/p>\n<p>Verimi olduk\u00e7a y\u00fcksektir.<\/td>\n<td width=\"302\"><img loading=\"lazy\" decoding=\"async\" class=\"alignnone size-medium wp-image-133\" src=\"http:\/\/www.efemfidancilik.com\/wp-content\/uploads\/2023\/11\/Crest_Heaven-300x199.jpg\" alt=\"\" width=\"300\" height=\"199\" srcset=\"http:\/\/www.efemfidancilik.com\/wp-content\/uploads\/2023\/11\/Crest_Heaven-300x199.jpg 300w, http:\/\/www.efemfidancilik.com\/wp-content\/uploads\/2023\/11\/Crest_Heaven-1x1.jpg 1w, http:\/\/www.efemfidancilik.com\/wp-content\/uploads\/2023\/11\/Crest_Heaven.jpg 648w\" sizes=\"(max-width: 300px) 100vw, 300px\" \/><\/td>\n<\/tr>\n<tr>\n<td width=\"302\"><strong>ELENGANT LADY<\/strong><\/p>\n<p>&nbsp;<\/p>\n<p><strong>Hasat zaman\u0131:<\/strong> A\u011fustos 2. ve 3.hafta<\/p>\n<p><strong>Tozlay\u0131c\u0131lar\u0131:<\/strong>\u00a0\u00a0\u00a0\u00a0 Pollinators Kendi kendini tozlar.<\/p>\n<p><strong>\u00d6zellikleri:<\/strong><\/p>\n<p>A\u011fa\u00e7lar\u0131 g\u00fc\u00e7l\u00fc yap\u0131l\u0131d\u0131r ve yar\u0131 dik geli\u015fir. So\u011fu\u011fa kar\u015f\u0131 hassas bir \u00e7e\u015fittir. Meyve sar\u0131 zemin \u00fczerine s\u0131vama koyu parlak k\u0131rm\u0131z\u0131d\u0131r. Normal b\u00fcy\u00fckl\u00fckte olup \u00e7ok dayan\u0131kl\u0131d\u0131r. Tad\u0131 \u00e7ok g\u00fczeldir. \u00c7ekirdek ete ba\u011fl\u0131 de\u011fildir.<\/td>\n<td width=\"302\"><img loading=\"lazy\" decoding=\"async\" class=\"alignnone size-medium wp-image-134\" src=\"http:\/\/www.efemfidancilik.com\/wp-content\/uploads\/2023\/11\/elegant_lady-300x202.jpg\" alt=\"\" width=\"300\" height=\"202\" srcset=\"http:\/\/www.efemfidancilik.com\/wp-content\/uploads\/2023\/11\/elegant_lady-300x202.jpg 300w, http:\/\/www.efemfidancilik.com\/wp-content\/uploads\/2023\/11\/elegant_lady-1x1.jpg 1w, http:\/\/www.efemfidancilik.com\/wp-content\/uploads\/2023\/11\/elegant_lady.jpg 648w\" sizes=\"(max-width: 300px) 100vw, 300px\" \/><\/td>\n<\/tr>\n<tr>\n<td width=\"302\"><strong>ROYAL GLORY<\/strong><\/p>\n<p>&nbsp;<\/p>\n<p><strong>Hasat zaman\u0131:<\/strong> Temmuz 1.haftas\u0131<\/p>\n<p><strong>Tozlayac\u0131lar:<\/strong> Pollinators Kendi kendine tozlar.<\/p>\n<p><strong>\u00d6zellikleri:<\/strong><\/p>\n<p>G\u00fc\u00e7l\u00fc ve verimli, \u00e7i\u00e7eklenmesi normal zaman\u0131ndad\u0131r.\u00a0\u00a0 So\u011fuklar\u0131n verdi\u011fi zararlara daha az maruz kal\u0131r. Orta b\u00fcy\u00fckl\u00fckte veya b\u00fcy\u00fck, yuvarlak \u015fekilli, az t\u00fcyl\u00fcd\u00fcr. Renklenmeye erken ba\u015flar ve olduk\u00e7a g\u00fczel canl\u0131 k\u0131rm\u0131z\u0131 renklidir.<\/p>\n<p>&nbsp;<\/td>\n<td width=\"302\"><img loading=\"lazy\" decoding=\"async\" class=\"alignnone size-medium wp-image-135\" src=\"http:\/\/www.efemfidancilik.com\/wp-content\/uploads\/2023\/11\/ROYAL_GLORY-300x169.jpg\" alt=\"\" width=\"300\" height=\"169\" srcset=\"http:\/\/www.efemfidancilik.com\/wp-content\/uploads\/2023\/11\/ROYAL_GLORY-300x169.jpg 300w, http:\/\/www.efemfidancilik.com\/wp-content\/uploads\/2023\/11\/ROYAL_GLORY-1x1.jpg 1w, http:\/\/www.efemfidancilik.com\/wp-content\/uploads\/2023\/11\/ROYAL_GLORY.jpg 648w\" sizes=\"(max-width: 300px) 100vw, 300px\" \/><\/td>\n<\/tr>\n<\/tbody>\n<\/table>\n","protected":false},"excerpt":{"rendered":"<p>O&#8217;Henry \u00a0 Hasat zaman\u0131: Eyl\u00fcl 2. ve 3.Hafta Tozlay\u0131c\u0131lar : Kendi kendini tozlar. \u00d6zellikleri: Meyve yap\u0131s\u0131 olduk\u00e7a iri ve yuvarlakt\u0131r. Meyvenin \u00e7ekirdek etraf\u0131 k\u0131rm\u0131z etli k\u0131sm\u0131 sar\u0131 renklidir. Meyveleri \u00e7ok sert olup yola ve depolamaya uygundur. A\u011fa\u00e7lar\u0131 dayan\u0131kl\u0131 ve verimi y\u00fcksektir. . &nbsp; Crest Heaven \u00a0 Hasat zaman\u0131: A\u011fustos 2. ve 3. Hafta Tozlay\u0131c\u0131lar: Pollinators [&hellip;]<\/p>\n","protected":false},"author":1,"featured_media":0,"parent":0,"menu_order":0,"comment_status":"closed","ping_status":"closed","template":"","meta":{"footnotes":""},"_links":{"self":[{"href":"http:\/\/www.efemfidancilik.com\/index.php\/wp-json\/wp\/v2\/pages\/75"}],"collection":[{"href":"http:\/\/www.efemfidancilik.com\/index.php\/wp-json\/wp\/v2\/pages"}],"about":[{"href":"http:\/\/www.efemfidancilik.com\/index.php\/wp-json\/wp\/v2\/types\/page"}],"author":[{"embeddable":true,"href":"http:\/\/www.efemfidancilik.com\/index.php\/wp-json\/wp\/v2\/users\/1"}],"replies":[{"embeddable":true,"href":"http:\/\/www.efemfidancilik.com\/index.php\/wp-json\/wp\/v2\/comments?post=75"}],"version-history":[{"count":4,"href":"http:\/\/www.efemfidancilik.com\/index.php\/wp-json\/wp\/v2\/pages\/75\/revisions"}],"predecessor-version":[{"id":136,"href":"http:\/\/www.efemfidancilik.com\/index.php\/wp-json\/wp\/v2\/pages\/75\/revisions\/136"}],"wp:attachment":[{"href":"http:\/\/www.efemfidancilik.com\/index.php\/wp-json\/wp\/v2\/media?parent=75"}],"curies":[{"name":"wp","href":"https:\/\/api.w.org\/{rel}","templated":true}]}}