{"id":4,"date":"2023-07-18T08:11:58","date_gmt":"2023-07-18T08:11:58","guid":{"rendered":"http:\/\/www.efemfidancilik.com\/?page_id=4"},"modified":"2023-11-11T19:35:15","modified_gmt":"2023-11-11T19:35:15","slug":"ana-sayfa","status":"publish","type":"page","link":"http:\/\/www.efemfidancilik.com\/","title":{"rendered":"Efem Fidanc\u0131l\u0131k"},"content":{"rendered":"\n<p>Efem fidanc\u0131l\u0131k olarak 1983\u2019den itibaren de\u011ferli \u00fcreticilerimize her t\u00fcrl\u00fc sertifikal\u0131 ,bodur, yar\u0131 bodur, klasik,y\u00fcksek verimli dayan\u0131kl\u0131 ve kaliteli meyve fidanlar\u0131m\u0131z\u0131 yeti\u015ftirerek \u00f6zenli bir \u015fekilde teslim etmekteyiz. Meyve bah\u00e7esi kurumunun yan\u0131 s\u0131ra peyzaj alan\u0131nda bir \u00e7ok s\u00fcs bitkisi \u00fcretimide yapmaktay\u0131z.<br>Efem fidanc\u0131l\u0131k olarak tek amac\u0131z de\u011ferli \u00fcreticilerimizin isteklerini en g\u00fczel \u015fekilde yerine getirmektir. Bu ama\u00e7 do\u011frultusunda elimizden gelenin en iyisini yapmaya \u00e7al\u0131\u015f\u0131yoruz.<\/p>\n","protected":false},"excerpt":{"rendered":"<p>Efem fidanc\u0131l\u0131k olarak 1983\u2019den itibaren de\u011ferli \u00fcreticilerimize her t\u00fcrl\u00fc sertifikal\u0131 ,bodur, yar\u0131 bodur, klasik,y\u00fcksek verimli dayan\u0131kl\u0131 ve kaliteli meyve fidanlar\u0131m\u0131z\u0131 yeti\u015ftirerek \u00f6zenli bir \u015fekilde teslim etmekteyiz. Meyve bah\u00e7esi kurumunun yan\u0131 s\u0131ra peyzaj alan\u0131nda bir \u00e7ok s\u00fcs bitkisi \u00fcretimide yapmaktay\u0131z.Efem fidanc\u0131l\u0131k olarak tek amac\u0131z de\u011ferli \u00fcreticilerimizin isteklerini en g\u00fczel \u015fekilde yerine getirmektir. Bu ama\u00e7 do\u011frultusunda elimizden [&hellip;]<\/p>\n","protected":false},"author":1,"featured_media":0,"parent":0,"menu_order":0,"comment_status":"closed","ping_status":"closed","template":"","meta":{"footnotes":""},"_links":{"self":[{"href":"http:\/\/www.efemfidancilik.com\/index.php\/wp-json\/wp\/v2\/pages\/4"}],"collection":[{"href":"http:\/\/www.efemfidancilik.com\/index.php\/wp-json\/wp\/v2\/pages"}],"about":[{"href":"http:\/\/www.efemfidancilik.com\/index.php\/wp-json\/wp\/v2\/types\/page"}],"author":[{"embeddable":true,"href":"http:\/\/www.efemfidancilik.com\/index.php\/wp-json\/wp\/v2\/users\/1"}],"replies":[{"embeddable":true,"href":"http:\/\/www.efemfidancilik.com\/index.php\/wp-json\/wp\/v2\/comments?post=4"}],"version-history":[{"count":2,"href":"http:\/\/www.efemfidancilik.com\/index.php\/wp-json\/wp\/v2\/pages\/4\/revisions"}],"predecessor-version":[{"id":52,"href":"http:\/\/www.efemfidancilik.com\/index.php\/wp-json\/wp\/v2\/pages\/4\/revisions\/52"}],"wp:attachment":[{"href":"http:\/\/www.efemfidancilik.com\/index.php\/wp-json\/wp\/v2\/media?parent=4"}],"curies":[{"name":"wp","href":"https:\/\/api.w.org\/{rel}","templated":true}]}}