{"id":30,"date":"2023-11-11T19:24:33","date_gmt":"2023-11-11T19:24:33","guid":{"rendered":"http:\/\/www.efemfidancilik.com\/?page_id=30"},"modified":"2023-11-13T05:47:16","modified_gmt":"2023-11-13T05:47:16","slug":"sus-bitkilerimiz","status":"publish","type":"page","link":"http:\/\/www.efemfidancilik.com\/index.php\/sus-bitkilerimiz\/","title":{"rendered":"S\u00fcs Bitkilerimiz"},"content":{"rendered":"<table>\n<tbody>\n<tr>\n<td width=\"302\"><strong>FRAGAR\u0130A VESCA(DA\u011e \u00c7\u0130LE\u011e\u0130)<\/strong><\/p>\n<p>&nbsp;<\/p>\n<p>&nbsp;<\/td>\n<td width=\"302\"><img loading=\"lazy\" decoding=\"async\" class=\"alignnone size-medium wp-image-140 aligncenter\" src=\"http:\/\/www.efemfidancilik.com\/wp-content\/uploads\/2023\/11\/FRAGARIA-173x300.jpg\" alt=\"\" width=\"173\" height=\"300\" srcset=\"http:\/\/www.efemfidancilik.com\/wp-content\/uploads\/2023\/11\/FRAGARIA-173x300.jpg 173w, http:\/\/www.efemfidancilik.com\/wp-content\/uploads\/2023\/11\/FRAGARIA-1x2.jpg 1w, http:\/\/www.efemfidancilik.com\/wp-content\/uploads\/2023\/11\/FRAGARIA.jpg 430w\" sizes=\"(max-width: 173px) 100vw, 173px\" \/><\/td>\n<\/tr>\n<tr>\n<td width=\"302\"><strong>KARA SERV\u0130<\/strong><\/p>\n<p>&nbsp;<\/p>\n<p>&nbsp;<\/td>\n<td width=\"302\"><img loading=\"lazy\" decoding=\"async\" class=\"size-medium wp-image-141 aligncenter\" src=\"http:\/\/www.efemfidancilik.com\/wp-content\/uploads\/2023\/11\/karaservi-226x300.jpg\" alt=\"\" width=\"226\" height=\"300\" srcset=\"http:\/\/www.efemfidancilik.com\/wp-content\/uploads\/2023\/11\/karaservi-226x300.jpg 226w, http:\/\/www.efemfidancilik.com\/wp-content\/uploads\/2023\/11\/karaservi-1x1.jpg 1w, http:\/\/www.efemfidancilik.com\/wp-content\/uploads\/2023\/11\/karaservi.jpg 484w\" sizes=\"(max-width: 226px) 100vw, 226px\" \/><\/td>\n<\/tr>\n<tr>\n<td width=\"302\"><strong>ARONYA ( YABAN MERS\u0130N\u0130)<\/strong><\/p>\n<p>&nbsp;<\/p>\n<p>&nbsp;<\/td>\n<td width=\"302\"><img loading=\"lazy\" decoding=\"async\" class=\"size-medium wp-image-142 aligncenter\" src=\"http:\/\/www.efemfidancilik.com\/wp-content\/uploads\/2023\/11\/aronya-229x300.jpg\" alt=\"\" width=\"229\" height=\"300\" srcset=\"http:\/\/www.efemfidancilik.com\/wp-content\/uploads\/2023\/11\/aronya-229x300.jpg 229w, http:\/\/www.efemfidancilik.com\/wp-content\/uploads\/2023\/11\/aronya-1x1.jpg 1w, http:\/\/www.efemfidancilik.com\/wp-content\/uploads\/2023\/11\/aronya.jpg 536w\" sizes=\"(max-width: 229px) 100vw, 229px\" \/><\/td>\n<\/tr>\n<tr>\n<td width=\"302\"><strong>\u00c7INAR<\/strong><\/p>\n<p>&nbsp;<\/p>\n<p>&nbsp;<\/td>\n<td width=\"302\"><img loading=\"lazy\" decoding=\"async\" class=\"size-medium wp-image-143 aligncenter\" src=\"http:\/\/www.efemfidancilik.com\/wp-content\/uploads\/2023\/11\/cinar-229x300.jpg\" alt=\"\" width=\"229\" height=\"300\" srcset=\"http:\/\/www.efemfidancilik.com\/wp-content\/uploads\/2023\/11\/cinar-229x300.jpg 229w, http:\/\/www.efemfidancilik.com\/wp-content\/uploads\/2023\/11\/cinar-1x1.jpg 1w, http:\/\/www.efemfidancilik.com\/wp-content\/uploads\/2023\/11\/cinar.jpg 499w\" sizes=\"(max-width: 229px) 100vw, 229px\" \/><\/td>\n<\/tr>\n<tr>\n<td width=\"302\"><strong>EREN (KIZILCIK)<\/strong><\/p>\n<p>&nbsp;<\/p>\n<p>&nbsp;<\/td>\n<td width=\"302\"><img loading=\"lazy\" decoding=\"async\" class=\"size-medium wp-image-145 aligncenter\" src=\"http:\/\/www.efemfidancilik.com\/wp-content\/uploads\/2023\/11\/eren-205x300.jpg\" alt=\"\" width=\"205\" height=\"300\" srcset=\"http:\/\/www.efemfidancilik.com\/wp-content\/uploads\/2023\/11\/eren-205x300.jpg 205w, http:\/\/www.efemfidancilik.com\/wp-content\/uploads\/2023\/11\/eren-1x1.jpg 1w, http:\/\/www.efemfidancilik.com\/wp-content\/uploads\/2023\/11\/eren.jpg 484w\" sizes=\"(max-width: 205px) 100vw, 205px\" \/><\/td>\n<\/tr>\n<\/tbody>\n<\/table>\n","protected":false},"excerpt":{"rendered":"<p>FRAGAR\u0130A VESCA(DA\u011e \u00c7\u0130LE\u011e\u0130) &nbsp; &nbsp; KARA SERV\u0130 &nbsp; &nbsp; ARONYA ( YABAN MERS\u0130N\u0130) &nbsp; &nbsp; \u00c7INAR &nbsp; &nbsp; EREN (KIZILCIK) &nbsp; &nbsp;<\/p>\n","protected":false},"author":1,"featured_media":160,"parent":0,"menu_order":0,"comment_status":"closed","ping_status":"closed","template":"","meta":{"footnotes":""},"_links":{"self":[{"href":"http:\/\/www.efemfidancilik.com\/index.php\/wp-json\/wp\/v2\/pages\/30"}],"collection":[{"href":"http:\/\/www.efemfidancilik.com\/index.php\/wp-json\/wp\/v2\/pages"}],"about":[{"href":"http:\/\/www.efemfidancilik.com\/index.php\/wp-json\/wp\/v2\/types\/page"}],"author":[{"embeddable":true,"href":"http:\/\/www.efemfidancilik.com\/index.php\/wp-json\/wp\/v2\/users\/1"}],"replies":[{"embeddable":true,"href":"http:\/\/www.efemfidancilik.com\/index.php\/wp-json\/wp\/v2\/comments?post=30"}],"version-history":[{"count":8,"href":"http:\/\/www.efemfidancilik.com\/index.php\/wp-json\/wp\/v2\/pages\/30\/revisions"}],"predecessor-version":[{"id":146,"href":"http:\/\/www.efemfidancilik.com\/index.php\/wp-json\/wp\/v2\/pages\/30\/revisions\/146"}],"wp:featuredmedia":[{"embeddable":true,"href":"http:\/\/www.efemfidancilik.com\/index.php\/wp-json\/wp\/v2\/media\/160"}],"wp:attachment":[{"href":"http:\/\/www.efemfidancilik.com\/index.php\/wp-json\/wp\/v2\/media?parent=30"}],"curies":[{"name":"wp","href":"https:\/\/api.w.org\/{rel}","templated":true}]}}