{"id":28,"date":"2023-11-11T19:24:21","date_gmt":"2023-11-11T19:24:21","guid":{"rendered":"http:\/\/www.efemfidancilik.com\/?page_id=28"},"modified":"2023-11-14T20:06:28","modified_gmt":"2023-11-14T20:06:28","slug":"meyve-fidanlarimiz","status":"publish","type":"page","link":"http:\/\/www.efemfidancilik.com\/index.php\/meyve-fidanlarimiz\/","title":{"rendered":"Meyve Fidanlar\u0131m\u0131z"},"content":{"rendered":"<ul>\n<li style=\"list-style-type: none;\">\n<ul>\n<li style=\"list-style-type: none;\">\n<ul>\n<li><a href=\"http:\/\/www.efemfidancilik.com\/index.php\/ahududu-fidanlari\/\">Ahududu Fidanlar\u0131<\/a><\/li>\n<li><a href=\"http:\/\/www.efemfidancilik.com\/index.php\/armut-fidanlari\/\">Armut Fidanlar\u0131<\/a><\/li>\n<li><a href=\"http:\/\/www.efemfidancilik.com\/index.php\/ayva-fidanlari\/\">Ayva Fidanlar\u0131<\/a><\/li>\n<li><a href=\"http:\/\/www.efemfidancilik.com\/index.php\/badem-fidani\/\">Badem Fidanlar\u0131<\/a><\/li>\n<li><a href=\"http:\/\/www.efemfidancilik.com\/index.php\/bogurtlen-fidanlari\/\">B\u00f6\u011f\u00fcrtlen Fidanlar\u0131<\/a><\/li>\n<li><a href=\"http:\/\/www.efemfidancilik.com\/index.php\/ceviz-fidanlari\/\">Ceviz Fidanlar\u0131<\/a><\/li>\n<li><a href=\"http:\/\/www.efemfidancilik.com\/index.php\/elma-fidanlari\/\">Elma Fidanlar\u0131<\/a><\/li>\n<li><a href=\"http:\/\/www.efemfidancilik.com\/index.php\/erik-fidanlari\/\">Erik Fidanlar\u0131<\/a><\/li>\n<li><a href=\"http:\/\/www.efemfidancilik.com\/index.php\/kayisi-fidanlari\/\">Kay\u0131s\u0131 Fidanlar\u0131<\/a><\/li>\n<li><a href=\"http:\/\/www.efemfidancilik.com\/index.php\/kestane-fidanlari\/\">Kestane Fidanlar\u0131<\/a><\/li>\n<li><a href=\"http:\/\/www.efemfidancilik.com\/index.php\/kiraz-fidanlari\/\">Kiraz Fidanlar\u0131<\/a><\/li>\n<li><a href=\"http:\/\/www.efemfidancilik.com\/index.php\/kivi-fidanlari\/\">Kivi Fidanlar\u0131<\/a><\/li>\n<li><a href=\"http:\/\/www.efemfidancilik.com\/index.php\/nar-fidanlari\/\">Nar Fidanlar\u0131<\/a><\/li>\n<li><a href=\"http:\/\/www.efemfidancilik.com\/index.php\/nektarin-fidani\/\">Nektarin Fidanlar\u0131<\/a><\/li>\n<li><a href=\"http:\/\/www.efemfidancilik.com\/index.php\/seftali-fidani\/\">\u015eeftali Fidanlar\u0131<\/a><\/li>\n<li><a href=\"http:\/\/www.efemfidancilik.com\/index.php\/trabzon-hurmasi-fidanlari\/\">Trabzon Hurmas\u0131 Fidanlar\u0131<\/a><\/li>\n<li><a href=\"http:\/\/www.efemfidancilik.com\/index.php\/uzum-fidanlari\/\">\u00dcz\u00fcm Fidanlar\u0131<\/a><\/li>\n<li><a href=\"http:\/\/www.efemfidancilik.com\/index.php\/visne-fidanlari\/\">Vi\u015fne Fidanlar\u0131<\/a><\/li>\n<li><a href=\"http:\/\/www.efemfidancilik.com\/index.php\/zeytin-fidani\/\">Zeytin Fidanlar\u0131<\/a><\/li>\n<\/ul>\n<\/li>\n<\/ul>\n<\/li>\n<\/ul>\n<p style=\"padding-left: 40px;\">\n","protected":false},"excerpt":{"rendered":"<p>Ahududu Fidanlar\u0131 Armut Fidanlar\u0131 Ayva Fidanlar\u0131 Badem Fidanlar\u0131 B\u00f6\u011f\u00fcrtlen Fidanlar\u0131 Ceviz Fidanlar\u0131 Elma Fidanlar\u0131 Erik Fidanlar\u0131 Kay\u0131s\u0131 Fidanlar\u0131 Kestane Fidanlar\u0131 Kiraz Fidanlar\u0131 Kivi Fidanlar\u0131 Nar Fidanlar\u0131 Nektarin Fidanlar\u0131 \u015eeftali Fidanlar\u0131 Trabzon Hurmas\u0131 Fidanlar\u0131 \u00dcz\u00fcm Fidanlar\u0131 Vi\u015fne Fidanlar\u0131 Zeytin Fidanlar\u0131<\/p>\n","protected":false},"author":1,"featured_media":159,"parent":0,"menu_order":0,"comment_status":"closed","ping_status":"closed","template":"","meta":{"footnotes":""},"_links":{"self":[{"href":"http:\/\/www.efemfidancilik.com\/index.php\/wp-json\/wp\/v2\/pages\/28"}],"collection":[{"href":"http:\/\/www.efemfidancilik.com\/index.php\/wp-json\/wp\/v2\/pages"}],"about":[{"href":"http:\/\/www.efemfidancilik.com\/index.php\/wp-json\/wp\/v2\/types\/page"}],"author":[{"embeddable":true,"href":"http:\/\/www.efemfidancilik.com\/index.php\/wp-json\/wp\/v2\/users\/1"}],"replies":[{"embeddable":true,"href":"http:\/\/www.efemfidancilik.com\/index.php\/wp-json\/wp\/v2\/comments?post=28"}],"version-history":[{"count":23,"href":"http:\/\/www.efemfidancilik.com\/index.php\/wp-json\/wp\/v2\/pages\/28\/revisions"}],"predecessor-version":[{"id":271,"href":"http:\/\/www.efemfidancilik.com\/index.php\/wp-json\/wp\/v2\/pages\/28\/revisions\/271"}],"wp:featuredmedia":[{"embeddable":true,"href":"http:\/\/www.efemfidancilik.com\/index.php\/wp-json\/wp\/v2\/media\/159"}],"wp:attachment":[{"href":"http:\/\/www.efemfidancilik.com\/index.php\/wp-json\/wp\/v2\/media?parent=28"}],"curies":[{"name":"wp","href":"https:\/\/api.w.org\/{rel}","templated":true}]}}