{"id":168,"date":"2023-11-14T18:13:25","date_gmt":"2023-11-14T18:13:25","guid":{"rendered":"http:\/\/www.efemfidancilik.com\/?page_id=168"},"modified":"2023-11-14T19:19:27","modified_gmt":"2023-11-14T19:19:27","slug":"kayisi-fidanlari","status":"publish","type":"page","link":"http:\/\/www.efemfidancilik.com\/index.php\/kayisi-fidanlari\/","title":{"rendered":"Kay\u0131s\u0131 Fidanlar\u0131"},"content":{"rendered":"<table>\n<tbody>\n<tr>\n<td width=\"302\"><strong>ROXANA<\/strong><\/p>\n<p>&nbsp;<\/td>\n<td width=\"302\"><\/td>\n<\/tr>\n<tr>\n<td width=\"302\"><strong>PERFECT RED<\/strong><\/p>\n<p>&nbsp;<\/td>\n<td width=\"302\"><\/td>\n<\/tr>\n<\/tbody>\n<\/table>\n<table>\n<tbody>\n<tr>\n<td width=\"302\"><strong>I\u011eDIR (\u015eALAK)<\/strong><\/p>\n<p>&nbsp;<\/td>\n<td width=\"302\"><\/td>\n<\/tr>\n<tr>\n<td width=\"302\"><strong>\u015eEKERPARE<\/strong><\/p>\n<p>&nbsp;<\/td>\n<td width=\"302\"><\/td>\n<\/tr>\n<\/tbody>\n<\/table>\n","protected":false},"excerpt":{"rendered":"<p>ROXANA &nbsp; PERFECT RED &nbsp; I\u011eDIR (\u015eALAK) &nbsp; \u015eEKERPARE &nbsp;<\/p>\n","protected":false},"author":1,"featured_media":0,"parent":0,"menu_order":0,"comment_status":"closed","ping_status":"closed","template":"","meta":{"footnotes":""},"_links":{"self":[{"href":"http:\/\/www.efemfidancilik.com\/index.php\/wp-json\/wp\/v2\/pages\/168"}],"collection":[{"href":"http:\/\/www.efemfidancilik.com\/index.php\/wp-json\/wp\/v2\/pages"}],"about":[{"href":"http:\/\/www.efemfidancilik.com\/index.php\/wp-json\/wp\/v2\/types\/page"}],"author":[{"embeddable":true,"href":"http:\/\/www.efemfidancilik.com\/index.php\/wp-json\/wp\/v2\/users\/1"}],"replies":[{"embeddable":true,"href":"http:\/\/www.efemfidancilik.com\/index.php\/wp-json\/wp\/v2\/comments?post=168"}],"version-history":[{"count":3,"href":"http:\/\/www.efemfidancilik.com\/index.php\/wp-json\/wp\/v2\/pages\/168\/revisions"}],"predecessor-version":[{"id":226,"href":"http:\/\/www.efemfidancilik.com\/index.php\/wp-json\/wp\/v2\/pages\/168\/revisions\/226"}],"wp:attachment":[{"href":"http:\/\/www.efemfidancilik.com\/index.php\/wp-json\/wp\/v2\/media?parent=168"}],"curies":[{"name":"wp","href":"https:\/\/api.w.org\/{rel}","templated":true}]}}