{"id":164,"date":"2023-11-14T18:12:37","date_gmt":"2023-11-14T18:12:37","guid":{"rendered":"http:\/\/www.efemfidancilik.com\/?page_id=164"},"modified":"2023-11-14T19:21:11","modified_gmt":"2023-11-14T19:21:11","slug":"kiraz-fidanlari","status":"publish","type":"page","link":"http:\/\/www.efemfidancilik.com\/index.php\/kiraz-fidanlari\/","title":{"rendered":"Kiraz Fidanlar\u0131"},"content":{"rendered":"<table>\n<tbody>\n<tr>\n<td width=\"302\"><strong>EARLY LORY<\/strong><\/p>\n<p>&nbsp;<\/td>\n<td width=\"302\"><\/td>\n<\/tr>\n<tr>\n<td width=\"302\"><strong>KORD\u0130A<\/strong><\/p>\n<p>&nbsp;<\/td>\n<td width=\"302\"><\/td>\n<\/tr>\n<\/tbody>\n<\/table>\n<table>\n<tbody>\n<tr>\n<td width=\"302\"><strong>REG\u0130NA<\/strong><\/p>\n<p>&nbsp;<\/td>\n<td width=\"302\"><\/td>\n<\/tr>\n<tr>\n<td width=\"302\"><strong>SWEETHEART<\/strong><\/p>\n<p>&nbsp;<\/td>\n<td width=\"302\"><\/td>\n<\/tr>\n<\/tbody>\n<\/table>\n<table>\n<tbody>\n<tr>\n<td width=\"302\"><strong>0900Z\u0130RAAT<\/strong><\/p>\n<p>&nbsp;<\/td>\n<td width=\"302\"><\/td>\n<\/tr>\n<tr>\n<td width=\"302\"><\/td>\n<td width=\"302\"><\/td>\n<\/tr>\n<\/tbody>\n<\/table>\n<div id=\"gtx-trans\" style=\"position: absolute; left: -9px; top: -17px;\">\n<div class=\"gtx-trans-icon\"><\/div>\n<\/div>\n","protected":false},"excerpt":{"rendered":"<p>EARLY LORY &nbsp; KORD\u0130A &nbsp; REG\u0130NA &nbsp; SWEETHEART &nbsp; 0900Z\u0130RAAT &nbsp;<\/p>\n","protected":false},"author":1,"featured_media":0,"parent":0,"menu_order":0,"comment_status":"closed","ping_status":"closed","template":"","meta":{"footnotes":""},"_links":{"self":[{"href":"http:\/\/www.efemfidancilik.com\/index.php\/wp-json\/wp\/v2\/pages\/164"}],"collection":[{"href":"http:\/\/www.efemfidancilik.com\/index.php\/wp-json\/wp\/v2\/pages"}],"about":[{"href":"http:\/\/www.efemfidancilik.com\/index.php\/wp-json\/wp\/v2\/types\/page"}],"author":[{"embeddable":true,"href":"http:\/\/www.efemfidancilik.com\/index.php\/wp-json\/wp\/v2\/users\/1"}],"replies":[{"embeddable":true,"href":"http:\/\/www.efemfidancilik.com\/index.php\/wp-json\/wp\/v2\/comments?post=164"}],"version-history":[{"count":3,"href":"http:\/\/www.efemfidancilik.com\/index.php\/wp-json\/wp\/v2\/pages\/164\/revisions"}],"predecessor-version":[{"id":228,"href":"http:\/\/www.efemfidancilik.com\/index.php\/wp-json\/wp\/v2\/pages\/164\/revisions\/228"}],"wp:attachment":[{"href":"http:\/\/www.efemfidancilik.com\/index.php\/wp-json\/wp\/v2\/media?parent=164"}],"curies":[{"name":"wp","href":"https:\/\/api.w.org\/{rel}","templated":true}]}}