{"id":162,"date":"2023-11-14T18:12:14","date_gmt":"2023-11-14T18:12:14","guid":{"rendered":"http:\/\/www.efemfidancilik.com\/?page_id=162"},"modified":"2023-11-14T19:13:47","modified_gmt":"2023-11-14T19:13:47","slug":"ayva-fidanlari","status":"publish","type":"page","link":"http:\/\/www.efemfidancilik.com\/index.php\/ayva-fidanlari\/","title":{"rendered":"Ayva Fidanlar\u0131"},"content":{"rendered":"<table>\n<tbody>\n<tr>\n<td width=\"302\"><strong>E\u015eME<\/strong><\/p>\n<p>&nbsp;<\/td>\n<td width=\"302\"><\/td>\n<\/tr>\n<tr>\n<td width=\"302\"><strong>EGE 22<\/strong><\/p>\n<p>&nbsp;<\/td>\n<td width=\"302\"><\/td>\n<\/tr>\n<\/tbody>\n<\/table>\n<table>\n<tbody>\n<tr>\n<td width=\"302\"><strong>\u0130STANBUL (MU\u015eMULA)<\/strong><\/p>\n<p>&nbsp;<\/td>\n<td width=\"302\"><\/td>\n<\/tr>\n<tr>\n<td width=\"302\"><\/td>\n<td width=\"302\"><\/td>\n<\/tr>\n<\/tbody>\n<\/table>\n","protected":false},"excerpt":{"rendered":"<p>E\u015eME &nbsp; EGE 22 &nbsp; \u0130STANBUL (MU\u015eMULA) &nbsp;<\/p>\n","protected":false},"author":1,"featured_media":0,"parent":0,"menu_order":0,"comment_status":"closed","ping_status":"closed","template":"","meta":{"footnotes":""},"_links":{"self":[{"href":"http:\/\/www.efemfidancilik.com\/index.php\/wp-json\/wp\/v2\/pages\/162"}],"collection":[{"href":"http:\/\/www.efemfidancilik.com\/index.php\/wp-json\/wp\/v2\/pages"}],"about":[{"href":"http:\/\/www.efemfidancilik.com\/index.php\/wp-json\/wp\/v2\/types\/page"}],"author":[{"embeddable":true,"href":"http:\/\/www.efemfidancilik.com\/index.php\/wp-json\/wp\/v2\/users\/1"}],"replies":[{"embeddable":true,"href":"http:\/\/www.efemfidancilik.com\/index.php\/wp-json\/wp\/v2\/comments?post=162"}],"version-history":[{"count":4,"href":"http:\/\/www.efemfidancilik.com\/index.php\/wp-json\/wp\/v2\/pages\/162\/revisions"}],"predecessor-version":[{"id":219,"href":"http:\/\/www.efemfidancilik.com\/index.php\/wp-json\/wp\/v2\/pages\/162\/revisions\/219"}],"wp:attachment":[{"href":"http:\/\/www.efemfidancilik.com\/index.php\/wp-json\/wp\/v2\/media?parent=162"}],"curies":[{"name":"wp","href":"https:\/\/api.w.org\/{rel}","templated":true}]}}